{"id":68,"date":"2014-03-24T19:40:01","date_gmt":"2014-03-24T17:40:01","guid":{"rendered":"http:\/\/schuetzenzunft-wesenberg.de\/?page_id=68"},"modified":"2015-03-08T13:17:56","modified_gmt":"2015-03-08T12:17:56","slug":"satzung","status":"publish","type":"page","link":"https:\/\/schuetzenzunft-wesenberg.de\/?page_id=68","title":{"rendered":"Satzung"},"content":{"rendered":"<p class=\"MsoNormal\" style=\"text-align: center;\" align=\"center\"><span style=\"font-size: 26pt; color: #000000;\"><span style=\"mso-spacerun: yes;\">\u00a0<\/span>Satzung<\/span><\/p>\n<p class=\"MsoNormal\" style=\"text-align: center;\" align=\"center\"><span style=\"color: #000000;\"><span style=\"font-size: 12.0pt; mso-bidi-font-size: 10.0pt;\"><span style=\"mso-spacerun: yes;\">\u00a0<\/span><\/span><span style=\"font-size: 22.0pt; mso-bidi-font-size: 10.0pt;\">der Sch\u00fctzen-Zunft von Wesenberg i.M.\/e.V<\/span><\/span><\/p>\n<p class=\"MsoNormal\" style=\"text-align: center;\"><span style=\"font-size: 12pt; color: #000000;\">\u00a0<\/span><\/p>\n<p class=\"MsoNormal\" style=\"text-align: center;\" align=\"center\"><span style=\"font-size: 12pt; color: #000000;\">\u00a71<\/span><\/p>\n<p class=\"MsoNormal\" style=\"text-align: center;\" align=\"center\"><span style=\"font-size: 12pt; color: #000000;\">Name und Sitz<\/span><\/p>\n<p class=\"MsoNormal\" style=\"text-align: left;\" align=\"center\"><span style=\"font-size: 12pt; color: #000000;\">Der Verein f\u00fchrt den Nahmen \u201eSch\u00fctzen-Zunft von Wesenberg i.M.\u201c<\/span><\/p>\n<p class=\"MsoNormal\" style=\"text-align: left;\"><span style=\"font-size: 12pt; color: #000000;\">Er hat seinen Sitz in Wesenberg, wird in das Vereinsregister in Neustrelitz eingetragen und f\u00fchrt dann den Namen \u201eSch\u00fctzen-Zunft von Wesenberg i.M.\/e.V.<\/span><\/p>\n<p class=\"MsoNormal\" style=\"text-align: center;\"><span style=\"color: #000000;\"><span style=\"font-size: 12.0pt; mso-bidi-font-size: 10.0pt;\">\u00a0<\/span><span style=\"font-size: 12.0pt; mso-bidi-font-size: 10.0pt;\">\u00a72<\/span><\/span><\/p>\n<p class=\"MsoNormal\" style=\"text-align: center;\"><span style=\"font-size: 12pt; color: #000000;\">Zweck des Vereines<\/span><\/p>\n<p class=\"MsoNormal\" style=\"text-align: left;\"><span style=\"color: #000000;\"><span style=\"font-size: 12.0pt; mso-bidi-font-size: 10.0pt;\">der Zweck des Vereines ist die Pflege und F\u00f6rderung des Schie\u00dfsportes auf sportlicher Grundlage, der Jugendpflege, der Abhaltung von Veranstaltungen schie\u00dfsportlicher Art sowie Pflege und Wahrung des Sch\u00fctzenbrauchtums als wertvoller Bestandteil unseres Volkslebens.<\/span><span style=\"font-size: 12.0pt; mso-bidi-font-size: 10.0pt;\">Der Verein verfolgt seine Ziele ausschlie\u00dflich und unmittelbar auf gemeinn\u00fctziger Grundlage im Sinne des Abschnitts \u201eSteuerbeg\u00fcnstigter Zwecke\u201c der Abgabenordnung.<\/span><span style=\"font-size: 12.0pt; mso-bidi-font-size: 10.0pt;\">Der Verein ist selbstlos t\u00e4tig. Er verfolgt nicht in erster Linie eigenwirtschaftliche Zwecke.<\/span><\/span><\/p>\n<p class=\"MsoNormal\" style=\"text-align: left;\"><span style=\"font-size: 12pt; color: #000000;\">Mittel des Vereins d\u00fcrfen nur f\u00fcr die satzungsm\u00e4\u00dfigen Zwecke verwendet werden. Die Mitglieder erhalten keine Zuwendungen aus Mitteln des Vereins. Es darf keine Person durch Ausgaben, die dem Zweck der K\u00f6rperschaft fremd sind, oder durch unverh\u00e4ltnism\u00e4\u00dfig hohe Verg\u00fctungen beg\u00fcnstigt werden.\u00a0<\/span><\/p>\n<p class=\"MsoNormal\" style=\"text-align: center;\" align=\"center\"><span style=\"font-size: 12pt; color: #000000;\">\u00a73<\/span><\/p>\n<p class=\"MsoNormal\" style=\"text-align: center;\" align=\"center\"><span style=\"font-size: 12pt; color: #000000;\">Mitgliedschaft<\/span><\/p>\n<p class=\"MsoNormal\" style=\"text-align: left;\"><span style=\"font-size: 12pt; color: #000000;\">Der Verein hat:<\/span><\/p>\n<p class=\"MsoNormal\" style=\"text-align: left;\"><span style=\"font-size: 12pt; color: #000000;\">a) aktive Mitglieder<\/span><\/p>\n<p class=\"MsoNormal\" style=\"text-align: left;\"><span style=\"font-size: 12pt; color: #000000;\">b) passive Mitglieder<\/span><\/p>\n<p class=\"MsoNormal\" style=\"text-align: left;\"><span style=\"font-size: 12pt; color: #000000;\">c) Ehrenmitglieder<\/span><\/p>\n<p class=\"MsoNormal\" style=\"text-align: center;\" align=\"center\"><span style=\"font-size: 12pt; color: #000000;\">\u00a74<\/span><\/p>\n<p class=\"MsoNormal\" style=\"text-align: center;\" align=\"center\"><span style=\"font-size: 12pt; color: #000000;\">Erwerb und Verlust der Mitgliedschaft<\/span><\/p>\n<p class=\"MsoNormal\" style=\"text-align: left;\"><span style=\"color: #000000;\"><span style=\"font-size: 12.0pt; mso-bidi-font-size: 10.0pt;\">\u00a0<\/span><span style=\"font-size: 12.0pt; mso-bidi-font-size: 10.0pt;\">Die Aufnahme in den Verein muss schriftlich erfolgen. \u00dcber die Aufnahme entscheidet der Vorstand. Mit der Beitrittserkl\u00e4rung erkennt das Mitglied die Satzung des Vereins an und verpflichtet sich zur Beachtung. Verdienstvolle Mitglieder k\u00f6nnen zu Ehrenmitgliedern ernannt werden. Dazu ist ein Beschluss der Jahreshauptversammlung erforderlich. Die Mitgliedschaft endet durch Tod, Austritt oder Ausschluss. Der Austritt ist zum Schluss des Kalenderjahres m\u00f6glich, wenn er mindestens einen Monat vorher schriftlich erkl\u00e4rt wird. Ein Mitglied kann ausgeschlossen werden, wenn es wiederholt gegen die Satzung und Beschl\u00fcsse von Vereinsorganen verst\u00f6\u00dft. \u00dcber den Ausschluss entscheidet der Vorstand. Gegen die Entscheidung kann Beschwerde eingelegt werden. Die Mitgliederversammlung entscheidet dann endg\u00fcltig. Das betroffene Mitglied ist vorher zu h\u00f6ren. Die Beitr\u00e4ge sind bis zum Erl\u00f6schen der Mitgliedschaft zu bezahlen. Ausgetretene und ausgeschlossene Mitglieder verlieren jedes Anrecht an den Verein und dessen Einrichtungen.<\/span><\/span><\/p>\n<p class=\"MsoNormal\" style=\"text-align: center;\" align=\"center\"><span style=\"font-size: 12pt; color: #000000;\">\u00a75<\/span><\/p>\n<p class=\"MsoNormal\" style=\"text-align: center;\" align=\"center\"><span style=\"font-size: 12pt; color: #000000;\">Rechte und Pflichten der Mitglieder<\/span><\/p>\n<p class=\"MsoNormal\" style=\"text-align: left;\"><span style=\"color: #000000;\"><span style=\"font-size: 12.0pt; mso-bidi-font-size: 10.0pt;\">\u00a0<\/span><span style=\"font-size: 12.0pt; mso-bidi-font-size: 10.0pt;\">Die Mitglieder sind im Rahmen dieser Satzung berechtigt, an der Willensbildung des Vereins durch Aus\u00fcbung des Antrags-, Diskussion- und Stimmrechts teilzunehmen. Die Mitglieder haben Zutritt zu allen Vereinsveranstaltungen. Jedes Mitglied ist verpflichtet, den Verein nach besten Kr\u00e4ften zu f\u00f6rdern, die festgesetzten Beitr\u00e4ge zu leisten, die von der Vereinsleitung unter Beachtung der Regeln der Sportordnung der DSU zur Aufrechterhaltung des Schiessbetriebes erlassenen Anordnungen zu respektieren. Es hat alles zu unterlassen, wodurch das Ansehen und der Zweck des Vereines gef\u00e4hrdet werden k\u00f6nnte. Die Satzung und Organbeschl\u00fcsse sind zu beachten. Ehrenmitglieder genie\u00dfen alle Rechte der aktiven und passiven Mitglieder.<\/span><\/span><\/p>\n<p class=\"MsoNormal\" style=\"text-align: center;\" align=\"center\"><span style=\"font-size: 12pt; color: #000000;\">\u00a76<\/span><\/p>\n<p class=\"MsoNormal\" style=\"text-align: center;\" align=\"center\"><span style=\"font-size: 12pt; color: #000000;\">Beitr\u00e4ge der Mitglieder, Haushaltsjahr<\/span><\/p>\n<p class=\"MsoNormal\" style=\"text-align: left;\" align=\"center\"><span style=\"color: #000000;\"><span style=\"font-size: 12.0pt; mso-bidi-font-size: 10.0pt;\">\u00a0<\/span><span style=\"font-size: 12.0pt; mso-bidi-font-size: 10.0pt;\">Die aktiven und passiven Mitglieder sind beitragspflichtig. der Beitrag ist Bringepflicht und erfolgt bis zum 01.07. des Kalenderjahres. Die H\u00f6he des Beitrages wird in der Jahreshauptversammlung vorgeschlagen und durch Beschluss best\u00e4tigt.\u00a0<\/span><\/span><\/p>\n<p class=\"MsoNormal\" style=\"text-align: left;\"><span style=\"font-size: 12pt; color: #000000;\">Der Jahresbeitrag und die einmalige Eintrittsgeb\u00fchr sind in der jeweils g\u00fcltigen Finanzordnung festgeschrieben. Die Eintrittsgeb\u00fchr wird nicht zur\u00fcckerstattet, sie bleibt Eigentum der Sch\u00fctzen-Zunft von Wesenberg i.M.\/e.V.\u00a0<\/span><\/p>\n<p class=\"MsoNormal\" style=\"text-align: left;\"><span style=\"font-size: 12pt; color: #000000;\">Waffen und Munition sind durch jedes Mitglied selber zu finanzieren.<\/span><\/p>\n<p class=\"MsoNormal\" style=\"text-align: center;\" align=\"center\"><span style=\"font-size: 12pt; color: #000000;\">\u00a77<\/span><\/p>\n<p class=\"MsoNormal\" style=\"text-align: center;\" align=\"center\"><span style=\"font-size: 12pt; color: #000000;\">Abstimmung, Wahlen, Beurkundungen<\/span><\/p>\n<p class=\"MsoNormal\" style=\"text-align: left;\"><span style=\"color: #000000;\"><span style=\"font-size: 12.0pt; mso-bidi-font-size: 10.0pt;\">\u00a0<\/span><span style=\"font-size: 12.0pt; mso-bidi-font-size: 10.0pt;\">In den Sitzungen der Vereinsorgane werden Beschl\u00fcsse mit der Mehrheit der abgegebenen g\u00fcltigen Stimmen gefasst, soweit diese Satzung nichts weiteres vorsieht. Die Enthaltungen und die ung\u00fcltigen Stimmen werden bei der Z\u00e4hlung der Stimmen nicht mitgez\u00e4hlt. Bei einer Stimmengleichheit gilt der Antrag als abgelehnt. Eine Satzungs\u00e4nderung muss in der Einladung angek\u00fcndigt werden. Bei Wahlen ist gew\u00e4hlt, wer die Mehrheit der abgegebenen g\u00fcltigen Stimmen auf sich vereint. Bei Stimmengleichheit findet eine Stichwahl zwischen den beiden Bewerbern statt, die die h\u00f6chste Stimmenzahl bei der ersten Wahl hatten. Ergibt sich wiederum Stimmengleichheit, so entscheidet das vom Sitzungsleiter zu ziehende Los. Scheidet ein Mitglied eines Vereinsorganes vor Ablauf der Amtszeit aus, so r\u00fcckt der gew\u00e4hlte Nachfolgekandidat auf. Abstimmungen und Wahlen werden nicht geheim durchgef\u00fchrt. \u00dcber die wesendlichen Beschl\u00fcsse der Vereinsorgane ist eine Niederschrift zu fertigen, die vom Sitzungsleiter und vom jeweiligen Schriftf\u00fchrer zu unterzeichnen ist.<\/span><\/span><\/p>\n<p class=\"MsoNormal\" style=\"text-align: center;\" align=\"center\"><span style=\"font-size: 12pt; color: #000000;\">\u00a78<\/span><\/p>\n<p class=\"MsoNormal\" style=\"text-align: center;\" align=\"center\"><span style=\"font-size: 12pt; color: #000000;\">Die Vereinsorgane<\/span><\/p>\n<p class=\"MsoNormal\" style=\"text-align: left;\"><span style=\"color: #000000;\"><span style=\"font-size: 12.0pt; mso-bidi-font-size: 10.0pt;\">\u00a0<\/span><span style=\"font-size: 12.0pt; mso-bidi-font-size: 10.0pt;\">Vereinsorgane sind die Mitgliederversammlung und der Vorstand.<\/span><\/span><\/p>\n<p class=\"MsoNormal\" style=\"text-align: center;\" align=\"center\"><span style=\"font-size: 12pt; color: #000000;\">\u00a79<\/span><\/p>\n<p class=\"MsoNormal\" style=\"text-align: center;\" align=\"center\"><span style=\"font-size: 12pt; color: #000000;\">Die Mitgliederversammlung<\/span><\/p>\n<p class=\"MsoNormal\" style=\"text-align: left;\"><span style=\"color: #000000;\"><span style=\"font-size: 12.0pt; mso-bidi-font-size: 10.0pt;\">\u00a0<\/span><span style=\"font-size: 12.0pt; mso-bidi-font-size: 10.0pt;\">Die Mitgliederversammlung ist das oberste Organ der Sch\u00fctzen-Zunft von Wesenberg i.M.\/e.V. und entscheidet \u00fcber alle Vereinsangelegenheiten., soweit diese Satzung nicht die Aufgaben anderen Organen zur Erledigung zuweist. Die Mitgliederversammlungen werden nach Bedarf vom Vorstand einberufen. Im ersten Vierteljahr eines Jahres muss eine Mitgliederversammlung unter der Bezeichnung \u201eJahreshauptversammlung\u201c einberufen werden. Der Jahreshauptversammlung obliegen folgende Aufgaben:<\/span><\/span><\/p>\n<p class=\"MsoNormal\" style=\"text-align: left;\"><span style=\"font-size: 12pt; color: #000000;\">a) Entgegennahme des Jahresberichtes des Vorstandes<\/span><\/p>\n<p class=\"MsoNormal\" style=\"text-align: left;\"><span style=\"font-size: 12pt; color: #000000;\">b) Entlastung des Vorstandes<\/span><\/p>\n<p class=\"MsoNormal\" style=\"text-align: left;\"><span style=\"font-size: 12pt; color: #000000;\">c) Festsetzung von Beitr\u00e4gen und anderen Leistungen<\/span><\/p>\n<p class=\"MsoNormal\" style=\"text-align: left;\"><span style=\"font-size: 12pt; color: #000000;\">d) Wahl der Mitglieder des Vorstandes<\/span><\/p>\n<p class=\"MsoNormal\" style=\"text-align: left;\"><span style=\"font-size: 12pt; color: #000000;\">e) Wahl von 2 Kassenpr\u00fcfern<\/span><\/p>\n<p class=\"MsoNormal\" style=\"text-align: left;\"><span style=\"font-size: 12pt; color: #000000;\">f) Beschlussfassung \u00fcber Satzungs\u00e4nderungen<\/span><\/p>\n<p class=\"MsoNormal\" style=\"text-align: left;\"><span style=\"font-size: 12pt; color: #000000;\">g) Entscheidung \u00fcber Beschwerden gegen den Ausschluss eines Mitgliedes.<\/span><\/p>\n<p class=\"MsoNormal\" style=\"text-align: left;\"><span style=\"color: #000000;\"><span style=\"font-size: 12pt;\">\u00a0<\/span><span style=\"font-size: 12.0pt; mso-bidi-font-size: 10.0pt;\">Der Vorstand hat eine au\u00dferordentliche Mitgliederversammlung einzuberufen, wenn diese mindestens die H\u00e4lfte der Vorstandsmitglieder oder 10 stimmberechtigte Vereinsmitglieder unter Angabe von Gr\u00fcnden verlangen. Die Mitglieder sind zu den Versammlungen schriftlich unter Einhaltung einer Ladungsfrist von mindesten 7 Tagen unter Angabe der Tagesordnung einzuladen. Eine au\u00dferordentliche Mitgliederversammlung kann mit einer Frist von mindestens 4 Tagen einberufen werden. Antr\u00e4ge zu den Mitgliederversammlungen m\u00fcssen mindestens 4 Tage vor den Mitgliederversammlungen beim Vorsitzenden eingehen. Die Mitgliederversammlungen sind ohne R\u00fccksicht auf die Zahl der erschienenen Mitglieder beschlussf\u00e4hig. Die Leitung der Versammlung obliegt dem Vorsitzenden, bei Verhinderung dem stellvertretenden Vorsitzenden. Die Mitgliederversammlung besteht aus folgenden stimmberechtigten Mitgliedern, welche das 18. Lebensjahr vollendet haben:<\/span><\/span><\/p>\n<p class=\"MsoNormal\" style=\"text-align: left;\"><span style=\"font-size: 12pt; color: #000000;\">a) aktive Mitglieder<\/span><\/p>\n<p class=\"MsoNormal\" style=\"text-align: left;\"><span style=\"font-size: 12pt; color: #000000;\">b) passive Mitglieder<\/span><\/p>\n<p class=\"MsoNormal\" style=\"text-align: left;\"><span style=\"color: #000000;\"><span style=\"font-size: 12.0pt; mso-bidi-font-size: 10.0pt;\">c) Ehrenmitglieder<\/span><span style=\"font-size: 12.0pt; mso-bidi-font-size: 10.0pt;\">\u00a0<\/span><\/span><\/p>\n<p class=\"MsoNormal\" style=\"text-align: center;\" align=\"center\"><span style=\"font-size: 12pt; color: #000000;\">\u00a710<\/span><\/p>\n<p class=\"MsoNormal\" style=\"text-align: center;\" align=\"center\"><span style=\"font-size: 12pt; color: #000000;\">Der Vorstand<\/span><\/p>\n<p class=\"MsoNormal\" style=\"text-align: left;\" align=\"center\"><span style=\"font-size: 12pt; color: #000000;\">Der Vorstand besteht aus dem<\/span><\/p>\n<p class=\"MsoNormal\" style=\"text-align: left;\"><span style=\"font-size: 12pt; color: #000000;\">a) Vorsitzenden<\/span><\/p>\n<p class=\"MsoNormal\" style=\"text-align: left;\"><span style=\"font-size: 12pt; color: #000000;\">b) stellvertretenden Vorsitzenden<\/span><\/p>\n<p class=\"MsoNormal\" style=\"text-align: left;\"><span style=\"font-size: 12pt; color: #000000;\">c) Schatzmeister<\/span><\/p>\n<p class=\"MsoNormal\" style=\"text-align: left;\"><span style=\"font-size: 12pt; color: #000000;\">d) Schriftf\u00fchrer<\/span><\/p>\n<p class=\"MsoNormal\" style=\"text-align: left;\"><span style=\"font-size: 12pt; color: #000000;\">e) Organisator<\/span><\/p>\n<p class=\"MsoNormal\" style=\"text-align: left;\"><span style=\"color: #000000;\"><span style=\"font-size: 12.0pt; mso-bidi-font-size: 10.0pt;\">und es wird ein Nachfolgekandidat zum Vorstand gew\u00e4hlt. Der Vorstand wird f\u00fcr die Dauer von 2 Jahren gew\u00e4hlt. Der Vorstand vertritt die Sch\u00fctzen-Zunft gerichtlich und au\u00dfergerichtlich durch den Vorsitzenden oder stellvertretenden Vorsitzenden. Sie sind Vorstand im Sinne des \u00a7 26 BGB. Er leitet die Vereinsgesch\u00e4fte im Rahmen dieser Satzung. Ihm obliegt es, die Veranstaltungen des Vereins festzulegen und vorzubereiten. Er wird dabei von allen Mitgliedern unterst\u00fctzt.<\/span><span style=\"font-size: 12.0pt; mso-bidi-font-size: 10.0pt;\">\u00a0<\/span><\/span><\/p>\n<p class=\"MsoNormal\" style=\"text-align: center;\" align=\"center\"><span style=\"font-size: 12pt; color: #000000;\">\u00a711<\/span><\/p>\n<p class=\"MsoNormal\" style=\"text-align: center;\" align=\"center\"><span style=\"font-size: 12pt; color: #000000;\">Kassenpr\u00fcfung<\/span><\/p>\n<p class=\"MsoNormal\" style=\"text-align: left;\"><span style=\"color: #000000;\"><span style=\"font-size: 12.0pt; mso-bidi-font-size: 10.0pt;\">\u00a0<\/span><span style=\"font-size: 12.0pt; mso-bidi-font-size: 10.0pt;\">Die Kassenpr\u00fcfung wird j\u00e4hrlich durch den oder die von der Jahreshauptversammlung auf die Dauer von zwei Jahren zu w\u00e4hlende Kassenpr\u00fcfer vorgenommen. Sie haben der Jahreshauptversammlung Bericht zu erstatten. Die Kassenpr\u00fcfer d\u00fcrfen keinem anderen Vereinsorgan angeh\u00f6ren.<\/span><span style=\"font-size: 12.0pt; mso-bidi-font-size: 10.0pt;\">\u00a0<\/span><\/span><\/p>\n<p class=\"MsoNormal\" style=\"text-align: center;\" align=\"center\"><span style=\"font-size: 12pt; color: #000000;\">\u00a7 12<\/span><\/p>\n<p class=\"MsoNormal\" style=\"text-align: center;\" align=\"center\"><span style=\"font-size: 12pt; color: #000000;\">Aufl\u00f6sung der Sch\u00fctzen-Zunft von Wesenberg i.M.\/e.V.<\/span><\/p>\n<p class=\"MsoNormal\" style=\"text-align: left;\" align=\"center\"><span style=\"font-size: 12pt; color: #000000;\">Die Aufl\u00f6sung des Vereins kann nur in einer zu diesem Zwecke einberufenen au\u00dferordentlichen Mitgliederversammlung beschlossen werden. Zur Beschlussfassung ist die Mehrheit von \u00be der erschienenen stimmberechtigten Mitgliedern erforderlich. Der Verein kann nicht aufgel\u00f6st werden, wenn sich mindestens sieben Mitglieder zur Weiterf\u00fchrung entschlie\u00dfen. Zur Verschmelzung mit einem anderen Verein m\u00fcssen die gleichen Voraussetzungen erf\u00fcllt werden. Im Falle der Vereinsaufl\u00f6sung ist dessen Verm\u00f6gen mit Zustimmung des Finanzamtes treuh\u00e4nderisch auf die Stadtverwaltung Wesenberg zu \u00fcbertragen, mit der Auflage es solange zu verwalten, bis es f\u00fcr die in der Satzung bestimmten Zwecke wieder verwendet werden kann. Dasselbe gilt f\u00fcr die Aufhebung des Vereins oder Wegfall der bisherigen Vereinszwecke.<\/span><\/p>\n<p class=\"MsoNormal\" style=\"text-align: center;\" align=\"center\"><span style=\"font-size: 12pt; color: #000000;\">\u00a7 13<\/span><\/p>\n<p class=\"MsoNormal\" style=\"text-align: center;\" align=\"center\"><span style=\"font-size: 12pt; color: #000000;\">Inkrafttreten<\/span><\/p>\n<p class=\"MsoNormal\" style=\"text-align: left;\" align=\"center\"><span style=\"font-size: 12pt; color: #000000;\">Diese Satzung tritt mit ihrer Annahme in Kraft.<\/span><\/p>\n<p class=\"MsoNormal\"><span style=\"font-size: 12pt; color: #000000;\">Wesenberg, den 22.03.2014<\/span><\/p>\n<p class=\"MsoNormal\"><span style=\"font-size: 12pt; color: #000000;\">Unterzeichnet:<span style=\"mso-spacerun: yes;\">\u00a0\u00a0 <\/span>Uwe Heldt Vorsitzender<\/span><\/p>\n","protected":false},"excerpt":{"rendered":"<p>\u00a0Satzung \u00a0der Sch\u00fctzen-Zunft von Wesenberg i.M.\/e.V \u00a0 \u00a71 Name und Sitz Der Verein f\u00fchrt den Nahmen \u201eSch\u00fctzen-Zunft von Wesenberg i.M.\u201c Er hat seinen Sitz in Wesenberg, wird in das Vereinsregister in Neustrelitz eingetragen und f\u00fchrt dann den Namen \u201eSch\u00fctzen-Zunft von Wesenberg i.M.\/e.V. \u00a0\u00a72 Zweck des Vereines der Zweck des Vereines ist die Pflege und F\u00f6rderung [&hellip;]<\/p>\n","protected":false},"author":1,"featured_media":0,"parent":35,"menu_order":0,"comment_status":"closed","ping_status":"closed","template":"","meta":{"footnotes":""},"class_list":["post-68","page","type-page","status-publish","hentry"],"_links":{"self":[{"href":"https:\/\/schuetzenzunft-wesenberg.de\/index.php?rest_route=\/wp\/v2\/pages\/68","targetHints":{"allow":["GET"]}}],"collection":[{"href":"https:\/\/schuetzenzunft-wesenberg.de\/index.php?rest_route=\/wp\/v2\/pages"}],"about":[{"href":"https:\/\/schuetzenzunft-wesenberg.de\/index.php?rest_route=\/wp\/v2\/types\/page"}],"author":[{"embeddable":true,"href":"https:\/\/schuetzenzunft-wesenberg.de\/index.php?rest_route=\/wp\/v2\/users\/1"}],"replies":[{"embeddable":true,"href":"https:\/\/schuetzenzunft-wesenberg.de\/index.php?rest_route=%2Fwp%2Fv2%2Fcomments&post=68"}],"version-history":[{"count":5,"href":"https:\/\/schuetzenzunft-wesenberg.de\/index.php?rest_route=\/wp\/v2\/pages\/68\/revisions"}],"predecessor-version":[{"id":148,"href":"https:\/\/schuetzenzunft-wesenberg.de\/index.php?rest_route=\/wp\/v2\/pages\/68\/revisions\/148"}],"up":[{"embeddable":true,"href":"https:\/\/schuetzenzunft-wesenberg.de\/index.php?rest_route=\/wp\/v2\/pages\/35"}],"wp:attachment":[{"href":"https:\/\/schuetzenzunft-wesenberg.de\/index.php?rest_route=%2Fwp%2Fv2%2Fmedia&parent=68"}],"curies":[{"name":"wp","href":"https:\/\/api.w.org\/{rel}","templated":true}]}}