{"id":62,"date":"2014-03-24T19:36:55","date_gmt":"2014-03-24T17:36:55","guid":{"rendered":"http:\/\/schuetzenzunft-wesenberg.de\/?page_id=62"},"modified":"2023-03-18T14:21:23","modified_gmt":"2023-03-18T13:21:23","slug":"finanzordnung","status":"publish","type":"page","link":"https:\/\/schuetzenzunft-wesenberg.de\/?page_id=62","title":{"rendered":"Finanzordnung"},"content":{"rendered":"<p class=\"MsoListParagraphCxSpFirst\"><span style=\"color: #000000;\"><b style=\"mso-bidi-font-weight: normal;\"><span style=\"font-size: 14.0pt; line-height: 115%;\">\u00a0<\/span><\/b><\/span><\/p>\n<p class=\"MsoListParagraphCxSpMiddle\"><span style=\"color: #000000;\"><b style=\"mso-bidi-font-weight: normal;\">1. Aufnahmebeitrag<\/b>:<\/span><\/p>\n<p class=\"MsoListParagraphCxSpMiddle\"><span style=\"color: #000000;\">Erwachsene <span style=\"mso-spacerun: yes;\">\u00a0\u00a0\u00a0\u00a0\u00a0\u00a0\u00a0\u00a0\u00a0\u00a0\u00a0\u00a0\u00a0\u00a0\u00a0\u00a0\u00a0\u00a0\u00a0\u00a0\u00a0\u00a0\u00a0\u00a0\u00a0\u00a0\u00a0\u00a0\u00a0\u00a0\u00a0\u00a0\u00a0<\/span><span style=\"mso-spacerun: yes;\">\u00a0\u00a0\u00a0<\/span><span style=\"mso-spacerun: yes;\">\u00a0<\/span>250,00 Euro<\/span><\/p>\n<p class=\"MsoListParagraphCxSpMiddle\"><span style=\"color: #000000;\">Lehrlinge\/Studenten\/ Sch\u00fcler <span style=\"mso-spacerun: yes;\">\u00a0\u00a0\u00a0\u00a0<\/span><span style=\"mso-spacerun: yes;\">\u00a0\u00a0\u00a0\u00a0<\/span>50,00 Euro<\/span><\/p>\n<p class=\"MsoListParagraphCxSpMiddle\"><span style=\"color: #000000;\">Der Aufnahmebeitrag ist zusammen mit der ersten Beitragszahlung zu entrichten.<\/span><\/p>\n<p class=\"MsoListParagraphCxSpMiddle\"><span style=\"color: #000000;\">Zus\u00e4tzlich fallen <span style=\"mso-spacerun: yes;\">\u00a0\u00a0\u00a0\u00a0\u00a0\u00a0\u00a0\u00a0\u00a0\u00a0\u00a0\u00a0\u00a0\u00a0\u00a0\u00a0\u00a0\u00a0\u00a0\u00a0\u00a0\u00a0\u00a0\u00a0\u00a0\u00a0\u00a0\u00a0\u00a0\u00a0\u00a0\u00a0\u00a0\u00a0<\/span>5,00 Euro f\u00fcr den DSU-Ausweis an.<\/span><\/p>\n<p class=\"MsoListParagraphCxSpMiddle\"><span style=\"color: #000000;\">Lebenspartner\/Ehepartner und Kinder von Vereinsmitgliedern sind von der Zahlung des Aufnahmebeitrages befreit.<\/span><\/p>\n<p class=\"MsoListParagraphCxSpMiddle\"><span style=\"color: #000000;\"><b style=\"mso-bidi-font-weight: normal;\">2. Jahresbeitr\u00e4ge:<\/b><\/span><\/p>\n<p class=\"MsoListParagraphCxSpMiddle\"><span style=\"color: #000000;\">Erwachsene<span style=\"mso-spacerun: yes;\">\u00a0\u00a0\u00a0\u00a0\u00a0\u00a0\u00a0\u00a0\u00a0\u00a0\u00a0\u00a0\u00a0\u00a0\u00a0\u00a0\u00a0\u00a0\u00a0\u00a0\u00a0\u00a0\u00a0\u00a0\u00a0\u00a0\u00a0\u00a0\u00a0\u00a0\u00a0\u00a0\u00a0\u00a0\u00a0\u00a0\u00a0\u00a0\u00a0\u00a0 <\/span><span style=\"mso-spacerun: yes;\">\u00a0<\/span><span style=\"mso-spacerun: yes;\">\u00a0<\/span>125,00 Euro .<\/span><\/p>\n<p class=\"MsoListParagraphCxSpMiddle\"><span style=\"color: #000000;\">Sch\u00fcler, Lehrlinge und Studenten <span style=\"mso-spacerun: yes;\">\u00a0\u00a0\u00a0\u00a0\u00a0\u00a0<\/span>25,00 Euro (Beitrag DSU)<\/span><\/p>\n<p class=\"MsoListParagraphCxSpMiddle\"><span style=\"color: #000000;\">Der gesamte Jahresbeitrag ist bis sp\u00e4testens Ende Juni auf das Vereinskonto<\/span><\/p>\n<p class=\"MsoListParagraphCxSpMiddle\"><span style=\"color: #000000;\">(Sparkasse Mecklenburg-Strelitz <span style=\"mso-spacerun: yes;\">\u00a0<\/span>DE24 15051732 0100008259<span style=\"mso-spacerun: yes;\">\u00a0\u00a0 <\/span>NOLADE21MST)<\/span><\/p>\n<p class=\"MsoListParagraphCxSpMiddle\"><span style=\"color: #000000;\">unter Angabe des Vor- und Familiennamens sowie des Beitragsjahres zu \u00fcberweisen.<\/span><\/p>\n<p class=\"MsoListParagraphCxSpMiddle\"><span style=\"color: #000000;\">F\u00fcr die Kontrolle und Anmahnung ist der Schatzmeister verantwortlich.<\/span><\/p>\n<p class=\"MsoListParagraphCxSpMiddle\"><span style=\"color: #000000;\">F\u00fcr Mahnungen werden 20,-Euro Mahngeb\u00fchren berechnet.<\/span><\/p>\n<p class=\"MsoListParagraphCxSpMiddle\"><span style=\"color: #000000;\"><strong>3. Geb\u00fchren:<\/strong><\/span><\/p>\n<p class=\"MsoListParagraphCxSpMiddle\"><span style=\"color: #000000;\">Werden trotz Mahnung Beitr\u00e4ge oder Geb\u00fchren nicht gezahlt wird das Mitglied durch Beschluss des Vorstandes aus dem Verein ausgeschlossen. Der Ausschluss<\/span><\/p>\n<p class=\"MsoListParagraphCxSpMiddle\"><span style=\"color: #000000;\">entbindet das Mitglied nicht von den noch offenen Zahlungen an<\/span><\/p>\n<p class=\"MsoListParagraphCxSpMiddle\"><span style=\"color: #000000;\">den Verein.<\/span><\/p>\n<p class=\"MsoListParagraphCxSpMiddle\"><span style=\"color: #000000;\"><strong>4. F\u00f6rder-\/ Ehrenmitgliedschaft<\/strong><\/span><\/p>\n<p class=\"MsoListParagraphCxSpMiddle\"><span style=\"color: #000000;\">Die F\u00f6rder-Ehrenmitgliedschaft wird auf Antrag durch die Jahreshauptversammlung gew\u00e4hrt.<\/span><\/p>\n<p class=\"MsoListParagraphCxSpMiddle\"><span style=\"color: #000000;\"><strong>5. Ausgaben<\/strong><\/span><\/p>\n<p class=\"MsoListParagraphCxSpMiddle\"><span style=\"color: #000000;\">Ausgaben des Vereins unterliegen strengen Sparsamkeitsprinzipien und m\u00fcssen von mindestens zwei Vorstandsmitgliedern best\u00e4tigt werden.<\/span><\/p>\n<p class=\"MsoListParagraphCxSpMiddle\"><span style=\"color: #000000;\"><strong>6. Kassenpr\u00fcfung:<\/strong><\/span><\/p>\n<p class=\"MsoListParagraphCxSpMiddle\"><span style=\"color: #000000;\">Zur \u00dcberwachung der Kassenf\u00fchrung wurden durch die Mitgliederversammlung<\/span><\/p>\n<p class=\"MsoListParagraphCxSpMiddle\"><span style=\"color: #000000;\">Kassenpr\u00fcfer gew\u00e4hlt, deren Aufgabe es ist die die Kasse im ersten Quartal eines jeden Jahres zu pr\u00fcfen und der Vollversammlung zu berichten.<\/span><\/p>\n<p class=\"MsoListParagraphCxSpMiddle\"><span style=\"color: #000000;\">\u00a0<\/span><\/p>\n<p class=\"MsoListParagraphCxSpMiddle\"><span style=\"color: #000000;\">Vorstehende Finanzordnung tritt am <span style=\"mso-spacerun: yes;\">\u00a0\u00a0\u00a0\u00a0\u00a0\u00a0<\/span>22. 03.2014 in Kraft<\/span><\/p>\n<p class=\"MsoListParagraphCxSpLast\"><span style=\"color: #000000;\">Gez. Heldt Vorsitzender<\/span><\/p>\n","protected":false},"excerpt":{"rendered":"<p>\u00a0 1. Aufnahmebeitrag: Erwachsene \u00a0\u00a0\u00a0\u00a0\u00a0\u00a0\u00a0\u00a0\u00a0\u00a0\u00a0\u00a0\u00a0\u00a0\u00a0\u00a0\u00a0\u00a0\u00a0\u00a0\u00a0\u00a0\u00a0\u00a0\u00a0\u00a0\u00a0\u00a0\u00a0\u00a0\u00a0\u00a0\u00a0\u00a0\u00a0\u00a0\u00a0250,00 Euro Lehrlinge\/Studenten\/ Sch\u00fcler \u00a0\u00a0\u00a0\u00a0\u00a0\u00a0\u00a0\u00a050,00 Euro Der Aufnahmebeitrag ist zusammen mit der ersten Beitragszahlung zu entrichten. Zus\u00e4tzlich fallen \u00a0\u00a0\u00a0\u00a0\u00a0\u00a0\u00a0\u00a0\u00a0\u00a0\u00a0\u00a0\u00a0\u00a0\u00a0\u00a0\u00a0\u00a0\u00a0\u00a0\u00a0\u00a0\u00a0\u00a0\u00a0\u00a0\u00a0\u00a0\u00a0\u00a0\u00a0\u00a0\u00a0\u00a05,00 Euro f\u00fcr den DSU-Ausweis an. Lebenspartner\/Ehepartner und Kinder von Vereinsmitgliedern sind von der Zahlung des Aufnahmebeitrages befreit. 2. Jahresbeitr\u00e4ge: Erwachsene\u00a0\u00a0\u00a0\u00a0\u00a0\u00a0\u00a0\u00a0\u00a0\u00a0\u00a0\u00a0\u00a0\u00a0\u00a0\u00a0\u00a0\u00a0\u00a0\u00a0\u00a0\u00a0\u00a0\u00a0\u00a0\u00a0\u00a0\u00a0\u00a0\u00a0\u00a0\u00a0\u00a0\u00a0\u00a0\u00a0\u00a0\u00a0\u00a0\u00a0 \u00a0\u00a0125,00 Euro . Sch\u00fcler, Lehrlinge und Studenten \u00a0\u00a0\u00a0\u00a0\u00a0\u00a025,00 Euro (Beitrag DSU) Der [&hellip;]<\/p>\n","protected":false},"author":1,"featured_media":0,"parent":35,"menu_order":2,"comment_status":"closed","ping_status":"closed","template":"","meta":{"footnotes":""},"class_list":["post-62","page","type-page","status-publish","hentry"],"_links":{"self":[{"href":"https:\/\/schuetzenzunft-wesenberg.de\/index.php?rest_route=\/wp\/v2\/pages\/62","targetHints":{"allow":["GET"]}}],"collection":[{"href":"https:\/\/schuetzenzunft-wesenberg.de\/index.php?rest_route=\/wp\/v2\/pages"}],"about":[{"href":"https:\/\/schuetzenzunft-wesenberg.de\/index.php?rest_route=\/wp\/v2\/types\/page"}],"author":[{"embeddable":true,"href":"https:\/\/schuetzenzunft-wesenberg.de\/index.php?rest_route=\/wp\/v2\/users\/1"}],"replies":[{"embeddable":true,"href":"https:\/\/schuetzenzunft-wesenberg.de\/index.php?rest_route=%2Fwp%2Fv2%2Fcomments&post=62"}],"version-history":[{"count":6,"href":"https:\/\/schuetzenzunft-wesenberg.de\/index.php?rest_route=\/wp\/v2\/pages\/62\/revisions"}],"predecessor-version":[{"id":615,"href":"https:\/\/schuetzenzunft-wesenberg.de\/index.php?rest_route=\/wp\/v2\/pages\/62\/revisions\/615"}],"up":[{"embeddable":true,"href":"https:\/\/schuetzenzunft-wesenberg.de\/index.php?rest_route=\/wp\/v2\/pages\/35"}],"wp:attachment":[{"href":"https:\/\/schuetzenzunft-wesenberg.de\/index.php?rest_route=%2Fwp%2Fv2%2Fmedia&parent=62"}],"curies":[{"name":"wp","href":"https:\/\/api.w.org\/{rel}","templated":true}]}}