{"id":427,"date":"2019-01-03T22:39:18","date_gmt":"2019-01-03T21:39:18","guid":{"rendered":"http:\/\/schuetzenzunft-wesenberg.de\/?page_id=427"},"modified":"2026-03-25T16:56:13","modified_gmt":"2026-03-25T15:56:13","slug":"termine","status":"publish","type":"page","link":"https:\/\/schuetzenzunft-wesenberg.de\/?page_id=427","title":{"rendered":"Termine"},"content":{"rendered":"\n<p><strong>Schie\u00dftermine<\/strong> unter Beachtung eines  anwesenden Schie\u00dfleiters<\/p>\n\n\n\n<p>Jeden Donnerstag nachmittags  au\u00dfer 01.01.26 sowie 14.05.26 und folgende Samstage vormittags:<\/p>\n\n\n\n<figure class=\"wp-block-table\"><table><tbody><tr><td>Wochentag<\/td><td>Datum<\/td><td>Bemerkung<\/td><\/tr><tr><td>Sa<\/td><td>17.01.2026<\/td><td><\/td><\/tr><tr><td>Sa<\/td><td>14.02.2026<\/td><td>&nbsp;<\/td><\/tr><tr><td>Sa<\/td><td>14.03.2026<\/td><td><\/td><\/tr><tr><td>Sa<\/td><td>07.03.2026, 10.00 Uhr<\/td><td>Vollversammlung Gastst\u00e4tte &#8222;Bodinka&#8220; Wesenberg<\/td><\/tr><tr><td>Sa<\/td><td>11.04.2026<\/td><td>&nbsp;<\/td><\/tr><tr><td>Sa<\/td><td>09.05.2026<\/td><td>vereinsinterner Schie\u00dfwettbewerb mit Preisen<\/td><\/tr><tr><td>Sa<\/td><td>13.06.2026<\/td><td><\/td><\/tr><tr><td>Sa<\/td><td>11.07.2026<\/td><td><\/td><\/tr><tr><td>Sa<\/td><td>08.08.2026<\/td><td>&nbsp;<\/td><\/tr><tr><td>Sa<\/td><td>12.09.2026<\/td><td>Vereinsmeisterschaft<\/td><\/tr><tr><td>Sa<\/td><td>03.10.2026 19.00 Uhr<\/td><td>Vereinsfest Gastst\u00e4tte &#8222;Waldlust&#8220; Wustrow<\/td><\/tr><tr><td>Sa<\/td><td>10.10.2026<\/td><td><\/td><\/tr><tr><td>Sa<\/td><td>14.11.2026<\/td><td>&nbsp;<\/td><\/tr><tr><td>Sa<\/td><td>12.12.2026<\/td><td>Schie\u00dfen mit anschlie\u00dfendem Grillen und Gl\u00fchwein<\/td><\/tr><tr><td><\/td><td><\/td><td><\/td><\/tr><\/tbody><\/table><\/figure>\n\n\n\n<p><a href=\"http:\/\/www.d-s-u.de\/index.php?id=kalender-wettbewerbe\">Wettkamp<\/a><a href=\"http:\/\/www.d-s-u.de\">f<\/a><a href=\"http:\/\/www.d-s-u.de\" data-type=\"URL\" data-id=\"http:\/\/www.d-s-u.de\">termine der DSU<\/a><\/p>\n\n\n\n<p><\/p>\n","protected":false},"excerpt":{"rendered":"<p>Schie\u00dftermine unter Beachtung eines anwesenden Schie\u00dfleiters Jeden Donnerstag nachmittags au\u00dfer 01.01.26 sowie 14.05.26 und folgende Samstage vormittags: Wochentag Datum Bemerkung Sa 17.01.2026 Sa 14.02.2026 &nbsp; Sa 14.03.2026 Sa 07.03.2026, 10.00 Uhr Vollversammlung Gastst\u00e4tte &#8222;Bodinka&#8220; Wesenberg Sa 11.04.2026 &nbsp; Sa 09.05.2026 vereinsinterner Schie\u00dfwettbewerb mit Preisen Sa 13.06.2026 Sa 11.07.2026 Sa 08.08.2026 &nbsp; Sa 12.09.2026 Vereinsmeisterschaft Sa [&hellip;]<\/p>\n","protected":false},"author":1,"featured_media":0,"parent":0,"menu_order":0,"comment_status":"closed","ping_status":"closed","template":"","meta":{"footnotes":""},"class_list":["post-427","page","type-page","status-publish","hentry"],"_links":{"self":[{"href":"https:\/\/schuetzenzunft-wesenberg.de\/index.php?rest_route=\/wp\/v2\/pages\/427","targetHints":{"allow":["GET"]}}],"collection":[{"href":"https:\/\/schuetzenzunft-wesenberg.de\/index.php?rest_route=\/wp\/v2\/pages"}],"about":[{"href":"https:\/\/schuetzenzunft-wesenberg.de\/index.php?rest_route=\/wp\/v2\/types\/page"}],"author":[{"embeddable":true,"href":"https:\/\/schuetzenzunft-wesenberg.de\/index.php?rest_route=\/wp\/v2\/users\/1"}],"replies":[{"embeddable":true,"href":"https:\/\/schuetzenzunft-wesenberg.de\/index.php?rest_route=%2Fwp%2Fv2%2Fcomments&post=427"}],"version-history":[{"count":85,"href":"https:\/\/schuetzenzunft-wesenberg.de\/index.php?rest_route=\/wp\/v2\/pages\/427\/revisions"}],"predecessor-version":[{"id":695,"href":"https:\/\/schuetzenzunft-wesenberg.de\/index.php?rest_route=\/wp\/v2\/pages\/427\/revisions\/695"}],"wp:attachment":[{"href":"https:\/\/schuetzenzunft-wesenberg.de\/index.php?rest_route=%2Fwp%2Fv2%2Fmedia&parent=427"}],"curies":[{"name":"wp","href":"https:\/\/api.w.org\/{rel}","templated":true}]}}