{"id":16,"date":"2014-03-20T19:48:00","date_gmt":"2014-03-20T17:48:00","guid":{"rendered":"http:\/\/schuetzenzunft-wesenberg.de\/?page_id=16"},"modified":"2023-03-18T14:19:59","modified_gmt":"2023-03-18T13:19:59","slug":"vorstand","status":"publish","type":"page","link":"https:\/\/schuetzenzunft-wesenberg.de\/?page_id=16","title":{"rendered":"Vorstand"},"content":{"rendered":"<table style=\"height: 478px;\" width=\"446\">\n<tbody>\n<tr>\n<td width=\"225\">\n<h3>Vorsitzender<\/h3>\n<\/td>\n<td width=\"390\">\n<h3>Heino Borgwart<\/h3>\n<\/td>\n<\/tr>\n<tr>\n<td width=\"225\">\n<h3>Stellvertretender Vorsitzende<\/h3>\n<\/td>\n<td width=\"390\">\n<h3>Marko Klappstein<\/h3>\n<\/td>\n<\/tr>\n<tr>\n<td width=\"225\">\n<h3>Organisator<\/h3>\n<\/td>\n<td width=\"390\">\n<h3>Uwe Schr\u00f6der<\/h3>\n<\/td>\n<\/tr>\n<tr>\n<td width=\"225\">\n<h3>Schatzmeister<\/h3>\n<\/td>\n<td width=\"390\">\n<h3>Bernd Witt<\/h3>\n<\/td>\n<\/tr>\n<tr>\n<td width=\"225\">\n<h3>Schriftf\u00fchrer<\/h3>\n<\/td>\n<td width=\"390\">\n<h3>Uwe Heldt<\/h3>\n<\/td>\n<\/tr>\n<\/tbody>\n<\/table>\n<p>Kontakt:<\/p>\n<p>Sch\u00fctzenzunft von Wesenberg i.M \/ e.V.<br \/>\nAm Feldrain 5<\/p>\n<p>17039 Blankenhof<\/p>\n<p>Tel.: 0172\/3841134<\/p>\n<p>E-Mail.: vorstand@schuetzenzunft-wesenberg.de<\/p>\n<p>Bankverbindung:<br \/>\nInhaber: Sch\u00fctzenzunft von Wesenberg i.M\/e.V.<br \/>\nIBAN DE24150517320100008259<br \/>\nBIC NOLADE21MST<\/p>\n","protected":false},"excerpt":{"rendered":"<p>Vorsitzender Heino Borgwart Stellvertretender Vorsitzende Marko Klappstein Organisator Uwe Schr\u00f6der Schatzmeister Bernd Witt Schriftf\u00fchrer Uwe Heldt Kontakt: Sch\u00fctzenzunft von Wesenberg i.M \/ e.V. Am Feldrain 5 17039 Blankenhof Tel.: 0172\/3841134 E-Mail.: vorstand@schuetzenzunft-wesenberg.de Bankverbindung: Inhaber: Sch\u00fctzenzunft von Wesenberg i.M\/e.V. IBAN DE24150517320100008259 BIC NOLADE21MST<\/p>\n","protected":false},"author":1,"featured_media":0,"parent":0,"menu_order":3,"comment_status":"closed","ping_status":"closed","template":"","meta":{"footnotes":""},"class_list":["post-16","page","type-page","status-publish","hentry"],"_links":{"self":[{"href":"https:\/\/schuetzenzunft-wesenberg.de\/index.php?rest_route=\/wp\/v2\/pages\/16","targetHints":{"allow":["GET"]}}],"collection":[{"href":"https:\/\/schuetzenzunft-wesenberg.de\/index.php?rest_route=\/wp\/v2\/pages"}],"about":[{"href":"https:\/\/schuetzenzunft-wesenberg.de\/index.php?rest_route=\/wp\/v2\/types\/page"}],"author":[{"embeddable":true,"href":"https:\/\/schuetzenzunft-wesenberg.de\/index.php?rest_route=\/wp\/v2\/users\/1"}],"replies":[{"embeddable":true,"href":"https:\/\/schuetzenzunft-wesenberg.de\/index.php?rest_route=%2Fwp%2Fv2%2Fcomments&post=16"}],"version-history":[{"count":14,"href":"https:\/\/schuetzenzunft-wesenberg.de\/index.php?rest_route=\/wp\/v2\/pages\/16\/revisions"}],"predecessor-version":[{"id":614,"href":"https:\/\/schuetzenzunft-wesenberg.de\/index.php?rest_route=\/wp\/v2\/pages\/16\/revisions\/614"}],"wp:attachment":[{"href":"https:\/\/schuetzenzunft-wesenberg.de\/index.php?rest_route=%2Fwp%2Fv2%2Fmedia&parent=16"}],"curies":[{"name":"wp","href":"https:\/\/api.w.org\/{rel}","templated":true}]}}